{"id":535,"date":"2017-08-02T18:05:50","date_gmt":"2017-08-02T16:05:50","guid":{"rendered":"http:\/\/www.ptszwettl.ac.at\/wp\/?page_id=535"},"modified":"2017-08-02T18:08:08","modified_gmt":"2017-08-02T16:08:08","slug":"impressum","status":"publish","type":"page","link":"https:\/\/www.ptszwettl.ac.at\/wp\/impressum\/","title":{"rendered":"Impressum"},"content":{"rendered":"<p style=\"text-align: justify;\">Da man durch die Anbringung von Links die Inhalte der verlinkten Webseiten gegebenenfalls gesetzlich mit zu verantworten hat, sofern man sich nicht ausdr\u00fccklich davon distanziert, distanzieren wir uns hiermit vorsorglich ausdr\u00fccklich von allen Inhalten dieser verlinkten Seiten auf unserer Homepage, die gegen geltendes Recht, die \u00f6ffentliche Ordnung sowie Anstand, Sitte und Moral versto\u00dfen und machen uns diese nicht zu eigen. Die Verantwortung f\u00fcr den Inhalt liegt ausschlie\u00dflich beim Verfasser bzw. Betreiber dieser verlinkten Seiten. Diese Erkl\u00e4rung gilt f\u00fcr alle in dieser Website angebrachten Links.<\/p>\n<p style=\"text-align: justify;\">Verantwortlich f\u00fcr den Inhalt zeigen sich die Direktion und die Lehrer\/innen der PTS Zwettl.<\/p>\n","protected":false},"excerpt":{"rendered":"<p>Da man durch die Anbringung von Links die Inhalte der verlinkten Webseiten gegebenenfalls gesetzlich mit zu verantworten hat, sofern man sich nicht ausdr\u00fccklich davon distanziert, distanzieren wir uns hiermit vorsorglich &hellip; <\/p>\n<p class=\"link-more\"><a href=\"https:\/\/www.ptszwettl.ac.at\/wp\/impressum\/\" class=\"more-link\"><span class=\"screen-reader-text\">\u201eImpressum\u201c<\/span> weiterlesen<\/a><\/p>\n","protected":false},"author":1,"featured_media":0,"parent":0,"menu_order":0,"comment_status":"closed","ping_status":"closed","template":"","meta":{"footnotes":""},"class_list":["post-535","page","type-page","status-publish","hentry"],"_links":{"self":[{"href":"https:\/\/www.ptszwettl.ac.at\/wp\/wp-json\/wp\/v2\/pages\/535","targetHints":{"allow":["GET"]}}],"collection":[{"href":"https:\/\/www.ptszwettl.ac.at\/wp\/wp-json\/wp\/v2\/pages"}],"about":[{"href":"https:\/\/www.ptszwettl.ac.at\/wp\/wp-json\/wp\/v2\/types\/page"}],"author":[{"embeddable":true,"href":"https:\/\/www.ptszwettl.ac.at\/wp\/wp-json\/wp\/v2\/users\/1"}],"replies":[{"embeddable":true,"href":"https:\/\/www.ptszwettl.ac.at\/wp\/wp-json\/wp\/v2\/comments?post=535"}],"version-history":[{"count":2,"href":"https:\/\/www.ptszwettl.ac.at\/wp\/wp-json\/wp\/v2\/pages\/535\/revisions"}],"predecessor-version":[{"id":537,"href":"https:\/\/www.ptszwettl.ac.at\/wp\/wp-json\/wp\/v2\/pages\/535\/revisions\/537"}],"wp:attachment":[{"href":"https:\/\/www.ptszwettl.ac.at\/wp\/wp-json\/wp\/v2\/media?parent=535"}],"curies":[{"name":"wp","href":"https:\/\/api.w.org\/{rel}","templated":true}]}}